{"id":764,"date":"2023-08-11T08:49:54","date_gmt":"2023-08-11T08:49:54","guid":{"rendered":"https:\/\/wp.pureit.top\/enerpro\/?page_id=764"},"modified":"2024-12-04T13:54:59","modified_gmt":"2024-12-04T12:54:59","slug":"kariera","status":"publish","type":"page","link":"http:\/\/danema.pl\/index.php\/kariera\/","title":{"rendered":"KARIERA"},"content":{"rendered":"\t\t<div data-elementor-type=\"wp-page\" data-elementor-id=\"764\" class=\"elementor elementor-764\">\n\t\t\t\t\t\t<section class=\"elementor-section elementor-top-section elementor-element elementor-element-1c2fc9d elementor-section-full_width elementor-section-height-default elementor-section-height-default\" data-id=\"1c2fc9d\" data-element_type=\"section\" data-e-type=\"section\">\n\t\t\t\t\t\t<div class=\"elementor-container elementor-column-gap-no\">\n\t\t\t\t\t<div class=\"elementor-column elementor-col-100 elementor-top-column elementor-element elementor-element-df57536\" data-id=\"df57536\" data-element_type=\"column\" data-e-type=\"column\">\n\t\t\t<div class=\"elementor-widget-wrap\">\n\t\t\t\t\t\t\t<\/div>\n\t\t<\/div>\n\t\t\t\t\t<\/div>\n\t\t<\/section>\n\t\t\t\t<section class=\"elementor-section elementor-top-section elementor-element elementor-element-c93d986 elementor-section-boxed elementor-section-height-default elementor-section-height-default\" data-id=\"c93d986\" data-element_type=\"section\" data-e-type=\"section\">\n\t\t\t\t\t\t<div class=\"elementor-container elementor-column-gap-default\">\n\t\t\t\t\t<div class=\"elementor-column elementor-col-50 elementor-top-column elementor-element elementor-element-3f7e791\" data-id=\"3f7e791\" data-element_type=\"column\" data-e-type=\"column\">\n\t\t\t<div class=\"elementor-widget-wrap elementor-element-populated\">\n\t\t\t\t\t\t<div class=\"elementor-element elementor-element-e97c8a3 elementor-invisible elementor-widget elementor-widget-sectiontitle\" data-id=\"e97c8a3\" data-element_type=\"widget\" data-e-type=\"widget\" data-settings=\"{&quot;_animation&quot;:&quot;fadeInLeft&quot;}\" data-widget_type=\"sectiontitle.default\">\n\t\t\t\t<div class=\"elementor-widget-container\">\n\t\t\t\t\t\r\n\t\t\t\t\t<div class=\"section-title style-one t_left\">\r\n                \t\t\t\t\r\n\t\t\t\t  \r\n                       <h1 data-text=\"Praca w  DANEMA TSL\">Praca w  DANEMA TSL<\/h1>\r\n                \t\t\t\t\r\n\t\t\t\t \t\t\t\t<div class=\"heading-line\"><\/div>\r\n\t\t\t\t\r\n                \t\t\t\r\n\t\t\t\t\r\n\t\t\t<\/div>\t\r\n\r\n\t\t\r\n\t\t\t\t\t\t<\/div>\n\t\t\t\t<\/div>\n\t\t\t\t\t<\/div>\n\t\t<\/div>\n\t\t\t\t<div class=\"elementor-column elementor-col-50 elementor-top-column elementor-element elementor-element-83b330a\" data-id=\"83b330a\" data-element_type=\"column\" data-e-type=\"column\">\n\t\t\t<div class=\"elementor-widget-wrap\">\n\t\t\t\t\t\t\t<\/div>\n\t\t<\/div>\n\t\t\t\t\t<\/div>\n\t\t<\/section>\n\t\t<div class=\"elementor-element elementor-element-ef28e8d e-flex e-con-boxed e-con e-parent\" data-id=\"ef28e8d\" data-element_type=\"container\" data-e-type=\"container\">\n\t\t\t\t\t<div class=\"e-con-inner\">\n\t\t\t\t<div class=\"elementor-element elementor-element-404df68 elementor-widget elementor-widget-text-editor\" data-id=\"404df68\" data-element_type=\"widget\" data-e-type=\"widget\" data-widget_type=\"text-editor.default\">\n\t\t\t\t<div class=\"elementor-widget-container\">\n\t\t\t\t\t\t\t\t\t<p><strong>Kierowca ci\u0119\u017car\u00f3wki C+E<\/strong><br \/>W zwi\u0105zku z poszerzeniem skali dzia\u0142alno\u015bci i rozwojem floty pojazd\u00f3w poszukujemy Kierowc\u00f3w do transportu mi\u0119dzynarodowego.<\/p><p>Osoby zainteresowane prosimy o kontakt pod +48 697 815 762 rekrutacja@danema.pl<\/p><h6 class=\"c-text-transform-default\">Twoje przysz\u0142e obowi\u0105zki:<\/h6><p>Obs\u0142uga tras mi\u0119dzynarodowych w ca\u0142ej Europie<\/p><div class=\"c-content-container-work-col\"><div class=\"c-content-text-box \"><div class=\"c-content-text-text\"><h6 class=\"c-text-transform-default\">Czego wymagamy:<\/h6><ul class=\"c-content-list c-content-list-custom\"><li>Prawo Jazdy kat. C+E z wymaganym kodem 95 + Karta Kierowcy<\/li><li>Minimum roczne do\u015bwiadczenie zawodowe w prowadzeniu pojazd\u00f3w ci\u0119\u017carowych (ci\u0105gnik lub tandem)<\/li><li>Dok\u0142adno\u015b\u0107, uczciwo\u015b\u0107, odpowiedzialno\u015b\u0107 kultura osobista to cechy, kt\u00f3re powinien posiada\u0107 nasz kierowca<\/li><\/ul><\/div><\/div><\/div>\t\t\t\t\t\t\t\t<\/div>\n\t\t\t\t<\/div>\n\t\t\t\t<div class=\"elementor-element elementor-element-7d4a1df elementor-widget elementor-widget-text-editor\" data-id=\"7d4a1df\" data-element_type=\"widget\" data-e-type=\"widget\" data-widget_type=\"text-editor.default\">\n\t\t\t\t<div class=\"elementor-widget-container\">\n\t\t\t\t\t\t\t\t\t<div class=\"c-content-container-work-col\"><div class=\"c-content-text-box \"><div class=\"c-content-text-text\"><h6 class=\"c-text-transform-default\">\u00a0<\/h6><\/div><\/div><\/div>\t\t\t\t\t\t\t\t<\/div>\n\t\t\t\t<\/div>\n\t\t\t\t\t<\/div>\n\t\t\t\t<\/div>\n\t\t\t\t<section class=\"elementor-section elementor-top-section elementor-element elementor-element-8ebeacf elementor-section-boxed elementor-section-height-default elementor-section-height-default\" data-id=\"8ebeacf\" data-element_type=\"section\" data-e-type=\"section\" data-settings=\"{&quot;background_background&quot;:&quot;classic&quot;,&quot;animation&quot;:&quot;none&quot;}\">\n\t\t\t\t\t\t\t<div class=\"elementor-background-overlay\"><\/div>\n\t\t\t\t\t\t\t<div class=\"elementor-container elementor-column-gap-default\">\n\t\t\t\t\t<div class=\"elementor-column elementor-col-100 elementor-top-column elementor-element elementor-element-1646bc4\" data-id=\"1646bc4\" data-element_type=\"column\" data-e-type=\"column\">\n\t\t\t<div class=\"elementor-widget-wrap elementor-element-populated\">\n\t\t\t\t\t\t<div class=\"elementor-element elementor-element-88a89c2 elementor-invisible elementor-widget elementor-widget-heading\" data-id=\"88a89c2\" data-element_type=\"widget\" data-e-type=\"widget\" data-settings=\"{&quot;_animation&quot;:&quot;fadeInUp&quot;}\" data-widget_type=\"heading.default\">\n\t\t\t\t<div class=\"elementor-widget-container\">\n\t\t\t\t\t<h2 class=\"elementor-heading-title elementor-size-default\">My\u015blisz Transport M\u00f3wisz Danema<\/h2>\t\t\t\t<\/div>\n\t\t\t\t<\/div>\n\t\t\t\t<div class=\"elementor-element elementor-element-faf52cc elementor-widget elementor-widget-qi_addons_for_elementor_typeout_text\" data-id=\"faf52cc\" data-element_type=\"widget\" data-e-type=\"widget\" data-widget_type=\"qi_addons_for_elementor_typeout_text.default\">\n\t\t\t\t<div class=\"elementor-widget-container\">\n\t\t\t\t\t<div class=\"qodef-shortcode qodef-m qodef-qi-typeout-text\" data-strings=\"[&quot;Spedycja&quot;,&quot;Transport&quot;,&quot;Logistyka&quot;]\" data-cursor=\"|\">\n\t<h2 class=\"qodef-m-text\">\n\t\t\t\t\tNie wahaj si\u0119 powiedzie\u0107.\t\t\t\t<span class=\"qodef-typeout-holder\">\n\t\t\t<span class=\"qodef-typeout\"><\/span>\n\t\t<\/span>\n\t<\/h2>\n<\/div>\n\t\t\t\t<\/div>\n\t\t\t\t<\/div>\n\t\t\t\t<div class=\"elementor-element elementor-element-d0ffd14 elementor-invisible elementor-widget elementor-widget-pureit-button\" data-id=\"d0ffd14\" data-element_type=\"widget\" data-e-type=\"widget\" data-settings=\"{&quot;_animation&quot;:&quot;fadeInUp&quot;}\" data-widget_type=\"pureit-button.default\">\n\t\t\t\t<div class=\"elementor-widget-container\">\n\t\t\t\t\t\r\n\t\t\t\t\r\n\t\t\t\t<div class=\"pureit-button-box style2\">\r\n\t\t\t\t\t\t\t\t\t\t<div class=\"pureit-button\">\r\n\t\t\t\t\t\t<a href=\"http:\/\/serwer2458200.home.pl\/autoinstalator\/wordpress1\/index.php\/kontakt\/\">\r\n\t\t\t\t\t\t\tPorozmawiajmy\t\t\t\t\t\t\t<svg xmlns=\"http:\/\/www.w3.org\/2000\/svg\" x=\"0px\" y=\"0px\" width=\"18px\" height=\"18\" viewBox=\"1.25 1.25 7 7\" xml:space=\"preserve\"><polygon points=\"1.25,1.25 1.25,2.25 6.543,2.25 1.25,7.543 1.958,8.25 7.25,2.957 7.25,8.25 8.25,8.25 8.25,1.25 8.25,1.25 \"><\/polygon><\/svg>\t\t\t\t\t\r\n\t\t\t\t\t\t<\/a>\r\n\t\t\t\t\t<\/div>\r\n\t\t\t\t\t\t\t\t\t<\/div>\r\n\t\t\t\r\n\t\t\t\t\t<\/div>\n\t\t\t\t<\/div>\n\t\t\t\t\t<\/div>\n\t\t<\/div>\n\t\t\t\t\t<\/div>\n\t\t<\/section>\n\t\t<div class=\"elementor-element elementor-element-c1126c1 e-flex e-con-boxed e-con e-parent\" data-id=\"c1126c1\" data-element_type=\"container\" data-e-type=\"container\">\n\t\t\t\t\t<div class=\"e-con-inner\">\n\t\t\t\t\t<\/div>\n\t\t\t\t<\/div>\n\t\t\t\t<\/div>\n\t\t","protected":false},"excerpt":{"rendered":"<p>Praca w DANEMA TSL Kierowca ci\u0119\u017car\u00f3wki C+EW zwi\u0105zku z poszerzeniem skali dzia\u0142alno\u015bci i rozwojem floty pojazd\u00f3w poszukujemy Kierowc\u00f3w do transportu mi\u0119dzynarodowego. Osoby zainteresowane prosimy o kontakt pod +48 697 815 762 rekrutacja@danema.pl Twoje przysz\u0142e obowi\u0105zki: Obs\u0142uga tras mi\u0119dzynarodowych w ca\u0142ej Europie Czego wymagamy: Prawo Jazdy kat. C+E z wymaganym kodem 95 + Karta Kierowcy Minimum [&hellip;]<\/p>\n","protected":false},"author":1,"featured_media":0,"parent":0,"menu_order":0,"comment_status":"closed","ping_status":"closed","template":"page-templates\/template-default.php","meta":{"footnotes":""},"class_list":["post-764","page","type-page","status-publish","hentry"],"_links":{"self":[{"href":"http:\/\/danema.pl\/index.php\/wp-json\/wp\/v2\/pages\/764","targetHints":{"allow":["GET"]}}],"collection":[{"href":"http:\/\/danema.pl\/index.php\/wp-json\/wp\/v2\/pages"}],"about":[{"href":"http:\/\/danema.pl\/index.php\/wp-json\/wp\/v2\/types\/page"}],"author":[{"embeddable":true,"href":"http:\/\/danema.pl\/index.php\/wp-json\/wp\/v2\/users\/1"}],"replies":[{"embeddable":true,"href":"http:\/\/danema.pl\/index.php\/wp-json\/wp\/v2\/comments?post=764"}],"version-history":[{"count":48,"href":"http:\/\/danema.pl\/index.php\/wp-json\/wp\/v2\/pages\/764\/revisions"}],"predecessor-version":[{"id":2679,"href":"http:\/\/danema.pl\/index.php\/wp-json\/wp\/v2\/pages\/764\/revisions\/2679"}],"wp:attachment":[{"href":"http:\/\/danema.pl\/index.php\/wp-json\/wp\/v2\/media?parent=764"}],"curies":[{"name":"wp","href":"https:\/\/api.w.org\/{rel}","templated":true}]}}